{"id":9938,"date":"2024-07-31T22:00:40","date_gmt":"2024-07-31T20:00:40","guid":{"rendered":"https:\/\/glanzstuecke-berlin.de\/costume-jewelry\/decorative-brooch-by-marvella-usa\/"},"modified":"2024-07-31T22:00:40","modified_gmt":"2024-07-31T20:00:40","slug":"decorative-brooch-by-marvella-usa","status":"publish","type":"product","link":"https:\/\/glanzstuecke-berlin.de\/en\/costume-jewelry\/decorative-brooch-by-marvella-usa\/","title":{"rendered":"Decorative Brooch by Marvella USA"},"content":{"rendered":"","protected":false},"excerpt":{"rendered":"<h4><strong>USA, 1940\u2018s<\/strong><\/h4>\n<h4><strong>Size: <\/strong>ca. 4,5 x 6,3 cm<br \/>\n<strong>Material: <\/strong>goldplated cast metal, Blue rhinestones<br \/>\nItem-Number: <strong>BR110<\/strong><\/h4>\n<h4><strong>Brosche aus den 1940er\/fr\u00fchen 1950er Jahren von der amerikanischen Firma Marvella. Sicherheitsverschlu\u00df. Firmensignet auf der R\u00fcckseite. Guter Originalzustand.\u00a0<\/strong><\/h4>\n","protected":false},"featured_media":9753,"template":"","meta":[],"product_brand":[],"product_cat":[323,299,310],"product_tag":[358],"class_list":{"0":"post-9938","1":"product","2":"type-product","3":"status-publish","4":"has-post-thumbnail","6":"product_cat-40s","7":"product_cat-50s","8":"product_cat-brooches-clips","9":"product_tag-marvella-en","11":"first","12":"instock","13":"taxable","14":"shipping-taxable","15":"purchasable","16":"product-type-simple"},"aioseo_notices":[],"_links":{"self":[{"href":"https:\/\/glanzstuecke-berlin.de\/en\/wp-json\/wp\/v2\/product\/9938","targetHints":{"allow":["GET"]}}],"collection":[{"href":"https:\/\/glanzstuecke-berlin.de\/en\/wp-json\/wp\/v2\/product"}],"about":[{"href":"https:\/\/glanzstuecke-berlin.de\/en\/wp-json\/wp\/v2\/types\/product"}],"version-history":[{"count":0,"href":"https:\/\/glanzstuecke-berlin.de\/en\/wp-json\/wp\/v2\/product\/9938\/revisions"}],"wp:featuredmedia":[{"embeddable":true,"href":"https:\/\/glanzstuecke-berlin.de\/en\/wp-json\/wp\/v2\/media\/9753"}],"wp:attachment":[{"href":"https:\/\/glanzstuecke-berlin.de\/en\/wp-json\/wp\/v2\/media?parent=9938"}],"wp:term":[{"taxonomy":"product_brand","embeddable":true,"href":"https:\/\/glanzstuecke-berlin.de\/en\/wp-json\/wp\/v2\/product_brand?post=9938"},{"taxonomy":"product_cat","embeddable":true,"href":"https:\/\/glanzstuecke-berlin.de\/en\/wp-json\/wp\/v2\/product_cat?post=9938"},{"taxonomy":"product_tag","embeddable":true,"href":"https:\/\/glanzstuecke-berlin.de\/en\/wp-json\/wp\/v2\/product_tag?post=9938"}],"curies":[{"name":"wp","href":"https:\/\/api.w.org\/{rel}","templated":true}]}}