{"id":14185,"date":"2025-12-04T14:52:28","date_gmt":"2025-12-04T13:52:28","guid":{"rendered":"https:\/\/glanzstuecke-berlin.de\/costume-jewelry\/vintage-1950s-trifari-brooch\/"},"modified":"2025-12-05T09:20:38","modified_gmt":"2025-12-05T08:20:38","slug":"vintage-1950s-trifari-brooch","status":"publish","type":"product","link":"https:\/\/glanzstuecke-berlin.de\/en\/costume-jewelry\/vintage-1950s-trifari-brooch\/","title":{"rendered":"Vintage 1950\u2018s Trifari brooch"},"content":{"rendered":"","protected":false},"excerpt":{"rendered":"<h4><strong>USA, 1950\u2018s\/1960\u2018s<\/strong><\/h4>\n<h4><strong>Gr\u00f6\u00dfe: 4,5 x 4,5 cm\u00a0<\/strong><br \/>\n<strong>Material: Goldfarbener Metallguss, Strass\u00a0<\/strong><br \/>\n<strong>Artikelnummer: BR246\u00a0<\/strong><\/h4>\n<h4>H\u00fcbsche Federbrosche von der amerikanischen Firma Trifari. Matt-goldfarbene Metallfassung, Strassakzente. Sicherheitsverschlu\u00df. Sch\u00f6nes Originalst\u00fcck aus der Zeit. Eleganter Entwurf.<\/h4>\n<p>&nbsp;<\/p>\n","protected":false},"featured_media":14157,"template":"","meta":[],"product_brand":[],"product_cat":[299,307,310],"product_tag":[309],"class_list":{"0":"post-14185","1":"product","2":"type-product","3":"status-publish","4":"has-post-thumbnail","6":"product_cat-50s","7":"product_cat-60s","8":"product_cat-brooches-clips","9":"product_tag-trifari-en","11":"first","12":"outofstock","13":"taxable","14":"shipping-taxable","15":"purchasable","16":"product-type-simple"},"aioseo_notices":[],"_links":{"self":[{"href":"https:\/\/glanzstuecke-berlin.de\/en\/wp-json\/wp\/v2\/product\/14185","targetHints":{"allow":["GET"]}}],"collection":[{"href":"https:\/\/glanzstuecke-berlin.de\/en\/wp-json\/wp\/v2\/product"}],"about":[{"href":"https:\/\/glanzstuecke-berlin.de\/en\/wp-json\/wp\/v2\/types\/product"}],"version-history":[{"count":1,"href":"https:\/\/glanzstuecke-berlin.de\/en\/wp-json\/wp\/v2\/product\/14185\/revisions"}],"predecessor-version":[{"id":14186,"href":"https:\/\/glanzstuecke-berlin.de\/en\/wp-json\/wp\/v2\/product\/14185\/revisions\/14186"}],"wp:featuredmedia":[{"embeddable":true,"href":"https:\/\/glanzstuecke-berlin.de\/en\/wp-json\/wp\/v2\/media\/14157"}],"wp:attachment":[{"href":"https:\/\/glanzstuecke-berlin.de\/en\/wp-json\/wp\/v2\/media?parent=14185"}],"wp:term":[{"taxonomy":"product_brand","embeddable":true,"href":"https:\/\/glanzstuecke-berlin.de\/en\/wp-json\/wp\/v2\/product_brand?post=14185"},{"taxonomy":"product_cat","embeddable":true,"href":"https:\/\/glanzstuecke-berlin.de\/en\/wp-json\/wp\/v2\/product_cat?post=14185"},{"taxonomy":"product_tag","embeddable":true,"href":"https:\/\/glanzstuecke-berlin.de\/en\/wp-json\/wp\/v2\/product_tag?post=14185"}],"curies":[{"name":"wp","href":"https:\/\/api.w.org\/{rel}","templated":true}]}}