{"id":10699,"date":"2024-10-20T21:59:07","date_gmt":"2024-10-20T19:59:07","guid":{"rendered":"https:\/\/glanzstuecke-berlin.de\/costume-jewelry\/elegant-rhinestone-necklace-by-boucher\/"},"modified":"2024-10-20T21:59:07","modified_gmt":"2024-10-20T19:59:07","slug":"elegant-rhinestone-necklace-by-boucher","status":"publish","type":"product","link":"https:\/\/glanzstuecke-berlin.de\/en\/costume-jewelry\/elegant-rhinestone-necklace-by-boucher\/","title":{"rendered":"Elegant rhinestone necklace by Boucher"},"content":{"rendered":"","protected":false},"excerpt":{"rendered":"<h4><strong>USA, 1950\u2018s<\/strong><\/h4>\n<h4><strong>Size: <\/strong>39 cm x 1,4 cm<br \/>\n<strong>Material: <\/strong>White metal, clear Rhinestones<br \/>\n<strong>Artikel-Number: <\/strong>KE101<\/h4>\n<h4>Abendliches Collier von Marcel Boucher, USA. Eleganter Entwurf. Enganliegend. Faltschlie\u00dfe. Sch\u00f6nes Originalst\u00fcck. R\u00fcckseitig leichte altersbedingte Tragespuren.<\/h4>\n<p>&nbsp;<\/p>\n","protected":false},"featured_media":10621,"template":"","meta":[],"product_brand":[],"product_cat":[323,299,317],"product_tag":[312],"class_list":{"0":"post-10699","1":"product","2":"type-product","3":"status-publish","4":"has-post-thumbnail","6":"product_cat-40s","7":"product_cat-50s","8":"product_cat-necklaces","9":"product_tag-boucher-en","11":"first","12":"outofstock","13":"taxable","14":"shipping-taxable","15":"purchasable","16":"product-type-simple"},"aioseo_notices":[],"_links":{"self":[{"href":"https:\/\/glanzstuecke-berlin.de\/en\/wp-json\/wp\/v2\/product\/10699","targetHints":{"allow":["GET"]}}],"collection":[{"href":"https:\/\/glanzstuecke-berlin.de\/en\/wp-json\/wp\/v2\/product"}],"about":[{"href":"https:\/\/glanzstuecke-berlin.de\/en\/wp-json\/wp\/v2\/types\/product"}],"version-history":[{"count":0,"href":"https:\/\/glanzstuecke-berlin.de\/en\/wp-json\/wp\/v2\/product\/10699\/revisions"}],"wp:featuredmedia":[{"embeddable":true,"href":"https:\/\/glanzstuecke-berlin.de\/en\/wp-json\/wp\/v2\/media\/10621"}],"wp:attachment":[{"href":"https:\/\/glanzstuecke-berlin.de\/en\/wp-json\/wp\/v2\/media?parent=10699"}],"wp:term":[{"taxonomy":"product_brand","embeddable":true,"href":"https:\/\/glanzstuecke-berlin.de\/en\/wp-json\/wp\/v2\/product_brand?post=10699"},{"taxonomy":"product_cat","embeddable":true,"href":"https:\/\/glanzstuecke-berlin.de\/en\/wp-json\/wp\/v2\/product_cat?post=10699"},{"taxonomy":"product_tag","embeddable":true,"href":"https:\/\/glanzstuecke-berlin.de\/en\/wp-json\/wp\/v2\/product_tag?post=10699"}],"curies":[{"name":"wp","href":"https:\/\/api.w.org\/{rel}","templated":true}]}}