{"id":8685,"date":"2023-08-16T11:16:35","date_gmt":"2023-08-16T09:16:35","guid":{"rendered":"https:\/\/glanzstuecke-berlin.de\/hackesche-hoefe-berlin\/"},"modified":"2024-07-09T13:13:10","modified_gmt":"2024-07-09T11:13:10","slug":"hackesche-hoefe-berlin","status":"publish","type":"page","link":"https:\/\/glanzstuecke-berlin.de\/en\/hackesche-hoefe-berlin\/","title":{"rendered":"Hackesche H\u00f6fe Berlin"},"content":{"rendered":"\t\t<div data-elementor-type=\"wp-page\" data-elementor-id=\"8685\" class=\"elementor elementor-8685 elementor-3471\" data-elementor-post-type=\"page\">\n\t\t\t\t\t\t<section class=\"elementor-section elementor-top-section elementor-element elementor-element-ae507d7 elementor-section-content-bottom elementor-section-boxed elementor-section-height-default elementor-section-height-default\" data-id=\"ae507d7\" data-element_type=\"section\">\n\t\t\t\t\t\t<div class=\"elementor-container elementor-column-gap-default\">\n\t\t\t\t\t<div class=\"elementor-column elementor-col-50 elementor-top-column elementor-element elementor-element-7a2ae0b\" data-id=\"7a2ae0b\" data-element_type=\"column\">\n\t\t\t<div class=\"elementor-widget-wrap elementor-element-populated\">\n\t\t\t\t\t\t<div class=\"elementor-element elementor-element-9ba51bb elementor-widget elementor-widget-image\" data-id=\"9ba51bb\" data-element_type=\"widget\" data-widget_type=\"image.default\">\n\t\t\t\t<div class=\"elementor-widget-container\">\n\t\t\t\t\t\t\t\t\t\t\t\t\t\t\t<img fetchpriority=\"high\" decoding=\"async\" width=\"800\" height=\"600\" src=\"https:\/\/glanzstuecke-berlin.de\/wp-content\/uploads\/2023\/08\/P1060841-1200x900.jpg\" class=\"attachment-large size-large wp-image-7089\" alt=\"\" srcset=\"https:\/\/glanzstuecke-berlin.de\/wp-content\/uploads\/2023\/08\/P1060841-1200x900.jpg 1200w, https:\/\/glanzstuecke-berlin.de\/wp-content\/uploads\/2023\/08\/P1060841-scaled-600x450.jpg 600w, https:\/\/glanzstuecke-berlin.de\/wp-content\/uploads\/2023\/08\/P1060841-scaled-150x113.jpg 150w, https:\/\/glanzstuecke-berlin.de\/wp-content\/uploads\/2023\/08\/P1060841-500x375.jpg 500w, https:\/\/glanzstuecke-berlin.de\/wp-content\/uploads\/2023\/08\/P1060841-300x225.jpg 300w, https:\/\/glanzstuecke-berlin.de\/wp-content\/uploads\/2023\/08\/P1060841-768x576.jpg 768w, https:\/\/glanzstuecke-berlin.de\/wp-content\/uploads\/2023\/08\/P1060841-1536x1152.jpg 1536w, https:\/\/glanzstuecke-berlin.de\/wp-content\/uploads\/2023\/08\/P1060841-2048x1536.jpg 2048w\" sizes=\"(max-width: 800px) 100vw, 800px\" \/>\t\t\t\t\t\t\t\t\t\t\t\t\t\t\t<\/div>\n\t\t\t\t<\/div>\n\t\t\t\t\t<\/div>\n\t\t<\/div>\n\t\t\t\t<div class=\"elementor-column elementor-col-50 elementor-top-column elementor-element elementor-element-beb1f92\" data-id=\"beb1f92\" data-element_type=\"column\">\n\t\t\t<div class=\"elementor-widget-wrap elementor-element-populated\">\n\t\t\t\t\t\t<div class=\"elementor-element elementor-element-05cab97 elementor-widget elementor-widget-text-editor\" data-id=\"05cab97\" data-element_type=\"widget\" data-widget_type=\"text-editor.default\">\n\t\t\t\t<div class=\"elementor-widget-container\">\n\t\t\t\t\t\t\t\t\t<h2><img decoding=\"async\" class=\"alignnone size-full wp-image-1740\" src=\"\/wp-content\/uploads\/2023\/07\/Titel.png\" alt=\"\" width=\"424\" height=\"69\" srcset=\"https:\/\/glanzstuecke-berlin.de\/wp-content\/uploads\/2023\/07\/Titel.png 424w, https:\/\/glanzstuecke-berlin.de\/wp-content\/uploads\/2023\/07\/Titel-150x24.png 150w, https:\/\/glanzstuecke-berlin.de\/wp-content\/uploads\/2023\/07\/Titel-300x49.png 300w\" sizes=\"(max-width: 424px) 100vw, 424px\" \/><\/h2>\n<h2><strong>Hackesche H\u00f6fe | Berlin<\/strong><\/h2>\n8 residential and commercial buildings in the heart of Berlin, located between Rosenthalerstra\u00dfe and Sophienstra\u00dfe. The Hackesche H\u00f6fe are Germany&#8217;s largest contiguous courtyard area and one of the city&#8217;s most popular sights.\n\nOpened in 1906, listed as a historical monument in 1972 and extensively renovated in the mid-1990s.\n\nThey offer an interesting mix of art, culture, commerce and gastronomy with: small individual stores, galleries, the Cham\u00e4leon variety theater, a popular arthouse cinema, restaurants and caf\u00e9s.\t\t\t\t\t\t\t\t<\/div>\n\t\t\t\t<\/div>\n\t\t\t\t\t<\/div>\n\t\t<\/div>\n\t\t\t\t\t<\/div>\n\t\t<\/section>\n\t\t\t\t<section class=\"elementor-section elementor-top-section elementor-element elementor-element-943e528 elementor-section-boxed elementor-section-height-default elementor-section-height-default\" data-id=\"943e528\" data-element_type=\"section\">\n\t\t\t\t\t\t<div class=\"elementor-container elementor-column-gap-default\">\n\t\t\t\t\t<div class=\"elementor-column elementor-col-50 elementor-top-column elementor-element elementor-element-62ae2e6\" data-id=\"62ae2e6\" data-element_type=\"column\">\n\t\t\t<div class=\"elementor-widget-wrap elementor-element-populated\">\n\t\t\t\t\t\t<div class=\"elementor-element elementor-element-0683af7 elementor-widget elementor-widget-gallery\" data-id=\"0683af7\" data-element_type=\"widget\" data-settings=\"{&quot;gallery_layout&quot;:&quot;justified&quot;,&quot;gap&quot;:{&quot;unit&quot;:&quot;px&quot;,&quot;size&quot;:&quot;20&quot;,&quot;sizes&quot;:[]},&quot;lazyload&quot;:&quot;yes&quot;,&quot;ideal_row_height&quot;:{&quot;unit&quot;:&quot;px&quot;,&quot;size&quot;:200,&quot;sizes&quot;:[]},&quot;ideal_row_height_tablet&quot;:{&quot;unit&quot;:&quot;px&quot;,&quot;size&quot;:150,&quot;sizes&quot;:[]},&quot;ideal_row_height_mobile&quot;:{&quot;unit&quot;:&quot;px&quot;,&quot;size&quot;:150,&quot;sizes&quot;:[]},&quot;gap_tablet&quot;:{&quot;unit&quot;:&quot;px&quot;,&quot;size&quot;:10,&quot;sizes&quot;:[]},&quot;gap_mobile&quot;:{&quot;unit&quot;:&quot;px&quot;,&quot;size&quot;:10,&quot;sizes&quot;:[]},&quot;link_to&quot;:&quot;file&quot;,&quot;overlay_background&quot;:&quot;yes&quot;,&quot;content_hover_animation&quot;:&quot;fade-in&quot;}\" data-widget_type=\"gallery.default\">\n\t\t\t\t<div class=\"elementor-widget-container\">\n\t\t\t\t\t\t\t<div class=\"elementor-gallery__container\">\n\t\t\t\t\t\t\t<a class=\"e-gallery-item elementor-gallery-item elementor-animated-content\" href=\"https:\/\/glanzstuecke-berlin.de\/wp-content\/uploads\/2023\/08\/Hackesche-Hoefe-Berlin-4.jpg\">\n\t\t\t\t\t<div class=\"e-gallery-image elementor-gallery-item__image\" data-thumbnail=\"https:\/\/glanzstuecke-berlin.de\/wp-content\/uploads\/2023\/08\/Hackesche-Hoefe-Berlin-4.jpg\" data-width=\"800\" data-height=\"600\" aria-label=\"\" role=\"img\" ><\/div>\n\t\t\t\t\t\t\t\t\t\t\t<div class=\"elementor-gallery-item__overlay\"><\/div>\n\t\t\t\t\t\t\t\t\t\t\t\t\t\t<\/a>\n\t\t\t\t\t\t\t<a class=\"e-gallery-item elementor-gallery-item elementor-animated-content\" href=\"https:\/\/glanzstuecke-berlin.de\/wp-content\/uploads\/2023\/08\/Hackesche-Hoefe-Berlin-2.jpg\">\n\t\t\t\t\t<div class=\"e-gallery-image elementor-gallery-item__image\" data-thumbnail=\"https:\/\/glanzstuecke-berlin.de\/wp-content\/uploads\/2023\/08\/Hackesche-Hoefe-Berlin-2.jpg\" data-width=\"800\" data-height=\"600\" aria-label=\"\" role=\"img\" ><\/div>\n\t\t\t\t\t\t\t\t\t\t\t<div class=\"elementor-gallery-item__overlay\"><\/div>\n\t\t\t\t\t\t\t\t\t\t\t\t\t\t<\/a>\n\t\t\t\t\t<\/div>\n\t\t\t\t\t<\/div>\n\t\t\t\t<\/div>\n\t\t\t\t<div class=\"elementor-element elementor-element-71ab180 elementor-widget elementor-widget-text-editor\" data-id=\"71ab180\" data-element_type=\"widget\" data-widget_type=\"text-editor.default\">\n\t\t\t\t<div class=\"elementor-widget-container\">\n\t\t\t\t\t\t\t\t\t<h3>Yard 1<\/h3>\n<p>Courtyard 1 enchants with its Art Nouveau fa\u00e7ade by August Endell.<\/p>\n<h3>Fountain courtyard<\/h3>\n<p>In the central residential and commercial courtyard, the &#8216;Brunnenhof&#8217;, the gates remain closed between 10 p.m. and 6 a.m. so that residents can sleep undisturbed.<\/p>\n\t\t\t\t\t\t\t\t<\/div>\n\t\t\t\t<\/div>\n\t\t\t\t\t<\/div>\n\t\t<\/div>\n\t\t\t\t<div class=\"elementor-column elementor-col-50 elementor-top-column elementor-element elementor-element-42871b1\" data-id=\"42871b1\" data-element_type=\"column\">\n\t\t\t<div class=\"elementor-widget-wrap elementor-element-populated\">\n\t\t\t\t\t\t<div class=\"elementor-element elementor-element-2da9625 elementor-widget elementor-widget-gallery\" data-id=\"2da9625\" data-element_type=\"widget\" data-settings=\"{&quot;gallery_layout&quot;:&quot;justified&quot;,&quot;gap&quot;:{&quot;unit&quot;:&quot;px&quot;,&quot;size&quot;:&quot;20&quot;,&quot;sizes&quot;:[]},&quot;lazyload&quot;:&quot;yes&quot;,&quot;ideal_row_height&quot;:{&quot;unit&quot;:&quot;px&quot;,&quot;size&quot;:200,&quot;sizes&quot;:[]},&quot;ideal_row_height_tablet&quot;:{&quot;unit&quot;:&quot;px&quot;,&quot;size&quot;:150,&quot;sizes&quot;:[]},&quot;ideal_row_height_mobile&quot;:{&quot;unit&quot;:&quot;px&quot;,&quot;size&quot;:150,&quot;sizes&quot;:[]},&quot;gap_tablet&quot;:{&quot;unit&quot;:&quot;px&quot;,&quot;size&quot;:10,&quot;sizes&quot;:[]},&quot;gap_mobile&quot;:{&quot;unit&quot;:&quot;px&quot;,&quot;size&quot;:10,&quot;sizes&quot;:[]},&quot;link_to&quot;:&quot;file&quot;,&quot;overlay_background&quot;:&quot;yes&quot;,&quot;content_hover_animation&quot;:&quot;fade-in&quot;}\" data-widget_type=\"gallery.default\">\n\t\t\t\t<div class=\"elementor-widget-container\">\n\t\t\t\t\t\t\t<div class=\"elementor-gallery__container\">\n\t\t\t\t\t\t\t<a class=\"e-gallery-item elementor-gallery-item elementor-animated-content\" href=\"https:\/\/glanzstuecke-berlin.de\/wp-content\/uploads\/2023\/08\/Hackesche-Hoefe-Berlin-7.jpg\">\n\t\t\t\t\t<div class=\"e-gallery-image elementor-gallery-item__image\" data-thumbnail=\"https:\/\/glanzstuecke-berlin.de\/wp-content\/uploads\/2023\/08\/Hackesche-Hoefe-Berlin-7.jpg\" data-width=\"800\" data-height=\"600\" aria-label=\"\" role=\"img\" ><\/div>\n\t\t\t\t\t\t\t\t\t\t\t<div class=\"elementor-gallery-item__overlay\"><\/div>\n\t\t\t\t\t\t\t\t\t\t\t\t\t\t<\/a>\n\t\t\t\t\t\t\t<a class=\"e-gallery-item elementor-gallery-item elementor-animated-content\" href=\"https:\/\/glanzstuecke-berlin.de\/wp-content\/uploads\/2023\/08\/Hackesche-Hoefe-Berlin-5.jpg\">\n\t\t\t\t\t<div class=\"e-gallery-image elementor-gallery-item__image\" data-thumbnail=\"https:\/\/glanzstuecke-berlin.de\/wp-content\/uploads\/2023\/08\/Hackesche-Hoefe-Berlin-5.jpg\" data-width=\"800\" data-height=\"600\" aria-label=\"\" role=\"img\" ><\/div>\n\t\t\t\t\t\t\t\t\t\t\t<div class=\"elementor-gallery-item__overlay\"><\/div>\n\t\t\t\t\t\t\t\t\t\t\t\t\t\t<\/a>\n\t\t\t\t\t<\/div>\n\t\t\t\t\t<\/div>\n\t\t\t\t<\/div>\n\t\t\t\t<div class=\"elementor-element elementor-element-ffc5494 elementor-widget elementor-widget-text-editor\" data-id=\"ffc5494\" data-element_type=\"widget\" data-widget_type=\"text-editor.default\">\n\t\t\t\t<div class=\"elementor-widget-container\">\n\t\t\t\t\t\t\t\t\t<h3>Glanzst\u00fccke Berlin<\/h3>\n<p>If you walk inside the courtyards in the direction of Sophienstra\u00dfe, you will come to the smallest of the Hackesche H\u00f6fe. Here you will find the highlights&#8230;<\/p>\n<h3>A warm welcome to you!<\/h3>\n<p>Monday &#8211; Friday from 12 to 7 p.m.<br \/>Saturday from 12 to 6 p.m.<\/p>\n\t\t\t\t\t\t\t\t<\/div>\n\t\t\t\t<\/div>\n\t\t\t\t\t<\/div>\n\t\t<\/div>\n\t\t\t\t\t<\/div>\n\t\t<\/section>\n\t\t\t\t<\/div>\n\t\t","protected":false},"excerpt":{"rendered":"<p>Hackesche H\u00f6fe | Berlin 8 residential and commercial buildings in the heart of Berlin, located between Rosenthalerstra\u00dfe and Sophienstra\u00dfe. The Hackesche H\u00f6fe are Germany&#8217;s largest contiguous courtyard area and one of the city&#8217;s most popular sights. Opened in 1906, listed as a historical monument in 1972 and extensively renovated in the mid-1990s. They offer an [&hellip;]<\/p>\n","protected":false},"author":1,"featured_media":0,"parent":0,"menu_order":0,"comment_status":"closed","ping_status":"closed","template":"","meta":{"footnotes":""},"class_list":["post-8685","page","type-page","status-publish","hentry"],"aioseo_notices":[],"_links":{"self":[{"href":"https:\/\/glanzstuecke-berlin.de\/en\/wp-json\/wp\/v2\/pages\/8685","targetHints":{"allow":["GET"]}}],"collection":[{"href":"https:\/\/glanzstuecke-berlin.de\/en\/wp-json\/wp\/v2\/pages"}],"about":[{"href":"https:\/\/glanzstuecke-berlin.de\/en\/wp-json\/wp\/v2\/types\/page"}],"author":[{"embeddable":true,"href":"https:\/\/glanzstuecke-berlin.de\/en\/wp-json\/wp\/v2\/users\/1"}],"replies":[{"embeddable":true,"href":"https:\/\/glanzstuecke-berlin.de\/en\/wp-json\/wp\/v2\/comments?post=8685"}],"version-history":[{"count":6,"href":"https:\/\/glanzstuecke-berlin.de\/en\/wp-json\/wp\/v2\/pages\/8685\/revisions"}],"predecessor-version":[{"id":9428,"href":"https:\/\/glanzstuecke-berlin.de\/en\/wp-json\/wp\/v2\/pages\/8685\/revisions\/9428"}],"wp:attachment":[{"href":"https:\/\/glanzstuecke-berlin.de\/en\/wp-json\/wp\/v2\/media?parent=8685"}],"curies":[{"name":"wp","href":"https:\/\/api.w.org\/{rel}","templated":true}]}}