{"id":8664,"date":"2023-07-07T12:38:43","date_gmt":"2023-07-07T10:38:43","guid":{"rendered":"https:\/\/glanzstuecke-berlin.de\/the-business\/"},"modified":"2024-07-30T11:10:09","modified_gmt":"2024-07-30T09:10:09","slug":"the-business","status":"publish","type":"page","link":"https:\/\/glanzstuecke-berlin.de\/en\/the-business\/","title":{"rendered":"The Store"},"content":{"rendered":"\t\t<div data-elementor-type=\"wp-page\" data-elementor-id=\"8664\" class=\"elementor elementor-8664 elementor-2111\" data-elementor-post-type=\"page\">\n\t\t\t\t\t\t<section class=\"elementor-section elementor-top-section elementor-element elementor-element-5fa9808 elementor-section-content-bottom elementor-section-boxed elementor-section-height-default elementor-section-height-default\" data-id=\"5fa9808\" data-element_type=\"section\">\n\t\t\t\t\t\t<div class=\"elementor-container elementor-column-gap-default\">\n\t\t\t\t\t<div class=\"elementor-column elementor-col-50 elementor-top-column elementor-element elementor-element-19f9373\" data-id=\"19f9373\" data-element_type=\"column\">\n\t\t\t<div class=\"elementor-widget-wrap elementor-element-populated\">\n\t\t\t\t\t\t<div class=\"elementor-element elementor-element-cb1eb69 elementor-widget__width-initial elementor-widget elementor-widget-text-editor\" data-id=\"cb1eb69\" data-element_type=\"widget\" data-widget_type=\"text-editor.default\">\n\t\t\t\t<div class=\"elementor-widget-container\">\n\t\t\t\t\t\t\t\t\t<p><img fetchpriority=\"high\" decoding=\"async\" class=\"alignnone wp-image-3329 size-full\" src=\"\/wp-content\/uploads\/2023\/07\/Girl-HG-2.png\" alt=\"\" width=\"760\" height=\"943\" srcset=\"https:\/\/glanzstuecke-berlin.de\/wp-content\/uploads\/2023\/07\/Girl-HG-2.png 760w, https:\/\/glanzstuecke-berlin.de\/wp-content\/uploads\/2023\/07\/Girl-HG-2-600x744.png 600w, https:\/\/glanzstuecke-berlin.de\/wp-content\/uploads\/2023\/07\/Girl-HG-2-121x150.png 121w, https:\/\/glanzstuecke-berlin.de\/wp-content\/uploads\/2023\/07\/Girl-HG-2-403x500.png 403w, https:\/\/glanzstuecke-berlin.de\/wp-content\/uploads\/2023\/07\/Girl-HG-2-242x300.png 242w\" sizes=\"(max-width: 760px) 100vw, 760px\" \/><\/p>\n\t\t\t\t\t\t\t\t<\/div>\n\t\t\t\t<\/div>\n\t\t\t\t\t<\/div>\n\t\t<\/div>\n\t\t\t\t<div class=\"elementor-column elementor-col-50 elementor-top-column elementor-element elementor-element-b6e8dde\" data-id=\"b6e8dde\" data-element_type=\"column\">\n\t\t\t<div class=\"elementor-widget-wrap elementor-element-populated\">\n\t\t\t\t\t\t<div class=\"elementor-element elementor-element-89fe6d6 elementor-widget__width-initial elementor-widget elementor-widget-text-editor\" data-id=\"89fe6d6\" data-element_type=\"widget\" data-widget_type=\"text-editor.default\">\n\t\t\t\t<div class=\"elementor-widget-container\">\n\t\t\t\t\t\t\t\t\t<h3><a href=\"\/wp-content\/uploads\/2023\/07\/Titel_Girls.png\"><img decoding=\"async\" class=\"alignnone size-full wp-image-2117\" src=\"\/wp-content\/uploads\/2023\/07\/Titel_Girls.png\" alt=\"\" width=\"424\" height=\"45\" srcset=\"https:\/\/glanzstuecke-berlin.de\/wp-content\/uploads\/2023\/07\/Titel_Girls.png 424w, https:\/\/glanzstuecke-berlin.de\/wp-content\/uploads\/2023\/07\/Titel_Girls-150x16.png 150w, https:\/\/glanzstuecke-berlin.de\/wp-content\/uploads\/2023\/07\/Titel_Girls-300x32.png 300w\" sizes=\"(max-width: 424px) 100vw, 424px\" \/><\/a><\/h3>\n<h3>Welcome to Glanzst\u00fccke!<\/h3>\n<p>Glanzst\u00fccke deals in American and European Costume Jewelry of the 20th Century, specializing in the period from the 1920s to the 1960s. Whether you are looking for glittering rhinestone collector&#8217;s items from the Art Deco era, decorative Bakelite jewelry or American designer jewelry by Trifari, Coro or Weiss &#8211; at Glanzst\u00fccke you will find lovingly selected original pieces in good condition, individual and wearable.<br \/>The selection ranges from strictly geometric Art D\u00e9co jewelry made of Bakelite and chrome to glamorous rhinestone jewelry from the 1920s to the 1960s. Whether bracelets, brooches, necklaces or ear clips: the selection of vintage jewelry is huge!<\/p>\n<h3>American Designer Jewelry<\/h3>\n<p>among others by: ART, BOUCHER, CORO, EISENBERG, FLORENZA, HOLLYCRAFT, JOMAZ, KRAMER, LISNER, MATISSE\/RENOIR, MONET, NAPIER, PENNINO, REGENCY, SCHREINER, TRIFARI, WEISS&#8230; but also wonderful unsigned pieces!<\/p>\n<h3>Jewelry by European designers<\/h3>\n<p>by Jakob Bengel, Lea Stein, Gross\u00e9, Langani, Perli, Dior, Scholz and Lammel and many more.<\/p>\n<h3>Find your favorite piece<\/h3>\n<p>If your favorite piece is not listed, just send me an e-mail with your wishes. I would be happy to send you more photos of pieces of jewelry from my extensive range.<\/p>\n<h3>Our store in Berlin<\/h3>\n<p>&#8230;with great attention to detail: In the store, you are surrounded by a touch of the &#8216;golden&#8217; twenties: beautiful old advertising heads and display cabinets, decorative pictures, armchairs and mirrors, a rare perfume dispenser and poufs covered in leopard print&#8230;<\/p>\n<p>The &#8220;Glanzst\u00fccke&#8221; opened in October 1999 at Sophienstra\u00dfe 7 (Hackesche H\u00f6fe) in Berlin-Mitte. Since then I have been constantly on the lookout for unusual, cheerful, always special, sometimes shrill original pieces.<\/p>\n<h3>Opening hours<\/h3>\n<p>Visit our store in the Hackesche H\u00f6fe:<br \/><strong>Monday to Friday 12-7 p.m.<br \/>Saturday 12-6 p.m.<br \/><\/strong><\/p>\n<p><strong>I look forward to your visit.<br \/><\/strong><strong>Yours, Kirsten Pax<\/strong><\/p>\n\t\t\t\t\t\t\t\t<\/div>\n\t\t\t\t<\/div>\n\t\t\t\t\t<\/div>\n\t\t<\/div>\n\t\t\t\t\t<\/div>\n\t\t<\/section>\n\t\t\t\t<section class=\"elementor-section elementor-top-section elementor-element elementor-element-df17396 elementor-section-boxed elementor-section-height-default elementor-section-height-default\" data-id=\"df17396\" data-element_type=\"section\">\n\t\t\t\t\t\t<div class=\"elementor-container elementor-column-gap-default\">\n\t\t\t\t\t<div class=\"elementor-column elementor-col-100 elementor-top-column elementor-element elementor-element-771b661\" data-id=\"771b661\" data-element_type=\"column\">\n\t\t\t<div class=\"elementor-widget-wrap elementor-element-populated\">\n\t\t\t\t\t\t<div class=\"elementor-element elementor-element-409c289 elementor-arrows-position-outside elementor-pagination-position-outside elementor-widget elementor-widget-image-carousel\" data-id=\"409c289\" data-element_type=\"widget\" data-settings=\"{&quot;slides_to_show&quot;:&quot;4&quot;,&quot;navigation&quot;:&quot;both&quot;,&quot;autoplay&quot;:&quot;yes&quot;,&quot;pause_on_hover&quot;:&quot;yes&quot;,&quot;pause_on_interaction&quot;:&quot;yes&quot;,&quot;autoplay_speed&quot;:5000,&quot;infinite&quot;:&quot;yes&quot;,&quot;speed&quot;:500,&quot;image_spacing_custom&quot;:{&quot;unit&quot;:&quot;px&quot;,&quot;size&quot;:20,&quot;sizes&quot;:[]},&quot;image_spacing_custom_tablet&quot;:{&quot;unit&quot;:&quot;px&quot;,&quot;size&quot;:&quot;&quot;,&quot;sizes&quot;:[]},&quot;image_spacing_custom_mobile&quot;:{&quot;unit&quot;:&quot;px&quot;,&quot;size&quot;:&quot;&quot;,&quot;sizes&quot;:[]}}\" data-widget_type=\"image-carousel.default\">\n\t\t\t\t<div class=\"elementor-widget-container\">\n\t\t\t\t\t\t\t<div class=\"elementor-image-carousel-wrapper swiper\" role=\"region\" aria-roledescription=\"carousel\" aria-label=\"Image Carousel\" dir=\"ltr\">\n\t\t\t<div class=\"elementor-image-carousel swiper-wrapper\" aria-live=\"off\">\n\t\t\t\t\t\t\t\t<div class=\"swiper-slide\" role=\"group\" aria-roledescription=\"slide\" aria-label=\"1 of 5\"><a href=\"https:\/\/glanzstuecke-berlin.de\/wp-content\/uploads\/2023\/08\/Glanzstuecke-Berlin-1.jpg\"><figure class=\"swiper-slide-inner\"><img decoding=\"async\" class=\"swiper-slide-image\" src=\"https:\/\/glanzstuecke-berlin.de\/wp-content\/uploads\/2023\/08\/Glanzstuecke-Berlin-1-300x300.jpg\" alt=\"Glanzst\u00fccke Berlin\" \/><\/figure><\/a><\/div><div class=\"swiper-slide\" role=\"group\" aria-roledescription=\"slide\" aria-label=\"2 of 5\"><a href=\"https:\/\/glanzstuecke-berlin.de\/wp-content\/uploads\/2023\/08\/Glanzstuecke-Berlin-4.jpg\"><figure class=\"swiper-slide-inner\"><img decoding=\"async\" class=\"swiper-slide-image\" src=\"https:\/\/glanzstuecke-berlin.de\/wp-content\/uploads\/2023\/08\/Glanzstuecke-Berlin-4-300x300.jpg\" alt=\"Glanzst\u00fccke Berlin\" \/><\/figure><\/a><\/div><div class=\"swiper-slide\" role=\"group\" aria-roledescription=\"slide\" aria-label=\"3 of 5\"><a href=\"https:\/\/glanzstuecke-berlin.de\/wp-content\/uploads\/2023\/08\/Glanzstuecke-Berlin-5.jpg\"><figure class=\"swiper-slide-inner\"><img decoding=\"async\" class=\"swiper-slide-image\" src=\"https:\/\/glanzstuecke-berlin.de\/wp-content\/uploads\/2023\/08\/Glanzstuecke-Berlin-5-300x300.jpg\" alt=\"Glanzst\u00fccke Berlin\" \/><\/figure><\/a><\/div><div class=\"swiper-slide\" role=\"group\" aria-roledescription=\"slide\" aria-label=\"4 of 5\"><a href=\"https:\/\/glanzstuecke-berlin.de\/wp-content\/uploads\/2023\/08\/Glanzstuecke-Berlin-3.jpg\"><figure class=\"swiper-slide-inner\"><img decoding=\"async\" class=\"swiper-slide-image\" src=\"https:\/\/glanzstuecke-berlin.de\/wp-content\/uploads\/2023\/08\/Glanzstuecke-Berlin-3-300x300.jpg\" alt=\"Glanzst\u00fccke Berlin\" \/><\/figure><\/a><\/div><div class=\"swiper-slide\" role=\"group\" aria-roledescription=\"slide\" aria-label=\"5 of 5\"><a href=\"https:\/\/glanzstuecke-berlin.de\/wp-content\/uploads\/2023\/08\/Glanzstuecke-Berlin-2.jpg\"><figure class=\"swiper-slide-inner\"><img decoding=\"async\" class=\"swiper-slide-image\" src=\"https:\/\/glanzstuecke-berlin.de\/wp-content\/uploads\/2023\/08\/Glanzstuecke-Berlin-2-300x300.jpg\" alt=\"Glanzst\u00fccke Berlin\" \/><\/figure><\/a><\/div>\t\t\t<\/div>\n\t\t\t\t\t\t\t\t\t\t\t\t<div class=\"elementor-swiper-button elementor-swiper-button-prev\" role=\"button\" tabindex=\"0\">\n\t\t\t\t\t\t<i aria-hidden=\"true\" class=\"eicon-chevron-left\"><\/i>\t\t\t\t\t<\/div>\n\t\t\t\t\t<div class=\"elementor-swiper-button elementor-swiper-button-next\" role=\"button\" tabindex=\"0\">\n\t\t\t\t\t\t<i aria-hidden=\"true\" class=\"eicon-chevron-right\"><\/i>\t\t\t\t\t<\/div>\n\t\t\t\t\n\t\t\t\t\t\t\t\t\t<div class=\"swiper-pagination\"><\/div>\n\t\t\t\t\t\t\t\t\t<\/div>\n\t\t\t\t\t\t<\/div>\n\t\t\t\t<\/div>\n\t\t\t\t\t<\/div>\n\t\t<\/div>\n\t\t\t\t\t<\/div>\n\t\t<\/section>\n\t\t\t\t<\/div>\n\t\t","protected":false},"excerpt":{"rendered":"<p>Welcome to Glanzst\u00fccke! Glanzst\u00fccke deals in American and European Costume Jewelry of the 20th Century, specializing in the period from the 1920s to the 1960s. Whether you are looking for glittering rhinestone collector&#8217;s items from the Art Deco era, decorative Bakelite jewelry or American designer jewelry by Trifari, Coro or Weiss &#8211; at Glanzst\u00fccke you [&hellip;]<\/p>\n","protected":false},"author":1,"featured_media":0,"parent":0,"menu_order":0,"comment_status":"closed","ping_status":"closed","template":"","meta":{"footnotes":""},"class_list":["post-8664","page","type-page","status-publish","hentry"],"aioseo_notices":[],"_links":{"self":[{"href":"https:\/\/glanzstuecke-berlin.de\/en\/wp-json\/wp\/v2\/pages\/8664","targetHints":{"allow":["GET"]}}],"collection":[{"href":"https:\/\/glanzstuecke-berlin.de\/en\/wp-json\/wp\/v2\/pages"}],"about":[{"href":"https:\/\/glanzstuecke-berlin.de\/en\/wp-json\/wp\/v2\/types\/page"}],"author":[{"embeddable":true,"href":"https:\/\/glanzstuecke-berlin.de\/en\/wp-json\/wp\/v2\/users\/1"}],"replies":[{"embeddable":true,"href":"https:\/\/glanzstuecke-berlin.de\/en\/wp-json\/wp\/v2\/comments?post=8664"}],"version-history":[{"count":12,"href":"https:\/\/glanzstuecke-berlin.de\/en\/wp-json\/wp\/v2\/pages\/8664\/revisions"}],"predecessor-version":[{"id":9655,"href":"https:\/\/glanzstuecke-berlin.de\/en\/wp-json\/wp\/v2\/pages\/8664\/revisions\/9655"}],"wp:attachment":[{"href":"https:\/\/glanzstuecke-berlin.de\/en\/wp-json\/wp\/v2\/media?parent=8664"}],"curies":[{"name":"wp","href":"https:\/\/api.w.org\/{rel}","templated":true}]}}